{"id":9,"date":"2018-07-24T16:33:38","date_gmt":"2018-07-24T16:33:38","guid":{"rendered":"http:\/\/transporteshermes.com\/inicio\/?page_id=9"},"modified":"2018-07-24T16:33:38","modified_gmt":"2018-07-24T16:33:38","slug":"contacto","status":"publish","type":"page","link":"http:\/\/transporteshermes.com\/inicio\/contacto\/","title":{"rendered":"Contacto"},"content":{"rendered":"<p>Esta es una p\u00e1gina con informaci\u00f3n de contacto b\u00e1sica, como direcci\u00f3n y n\u00famero de tel\u00e9fono. Incluso puedes probar un plugin para a\u00f1adir un formulario de contacto.<\/p>\n","protected":false},"excerpt":{"rendered":"<p>Esta es una p\u00e1gina con informaci\u00f3n de contacto b\u00e1sica, como direcci\u00f3n y n\u00famero de tel\u00e9fono. Incluso puedes probar un plugin [&hellip;]<\/p>\n","protected":false},"author":1,"featured_media":4,"parent":0,"menu_order":0,"comment_status":"closed","ping_status":"closed","template":"","meta":{"footnotes":""},"class_list":["post-9","page","type-page","status-publish","has-post-thumbnail","hentry"],"_links":{"self":[{"href":"http:\/\/transporteshermes.com\/inicio\/wp-json\/wp\/v2\/pages\/9","targetHints":{"allow":["GET"]}}],"collection":[{"href":"http:\/\/transporteshermes.com\/inicio\/wp-json\/wp\/v2\/pages"}],"about":[{"href":"http:\/\/transporteshermes.com\/inicio\/wp-json\/wp\/v2\/types\/page"}],"author":[{"embeddable":true,"href":"http:\/\/transporteshermes.com\/inicio\/wp-json\/wp\/v2\/users\/1"}],"replies":[{"embeddable":true,"href":"http:\/\/transporteshermes.com\/inicio\/wp-json\/wp\/v2\/comments?post=9"}],"version-history":[{"count":1,"href":"http:\/\/transporteshermes.com\/inicio\/wp-json\/wp\/v2\/pages\/9\/revisions"}],"predecessor-version":[{"id":15,"href":"http:\/\/transporteshermes.com\/inicio\/wp-json\/wp\/v2\/pages\/9\/revisions\/15"}],"wp:featuredmedia":[{"embeddable":true,"href":"http:\/\/transporteshermes.com\/inicio\/wp-json\/wp\/v2\/media\/4"}],"wp:attachment":[{"href":"http:\/\/transporteshermes.com\/inicio\/wp-json\/wp\/v2\/media?parent=9"}],"curies":[{"name":"wp","href":"https:\/\/api.w.org\/{rel}","templated":true}]}}